{"id":41041,"date":"2022-10-14T15:42:32","date_gmt":"2022-10-14T13:42:32","guid":{"rendered":"https:\/\/joyful-kitchen.com\/?page_id=41041"},"modified":"2022-10-14T15:43:34","modified_gmt":"2022-10-14T13:43:34","slug":"loyality-card","status":"publish","type":"page","link":"https:\/\/joyful-kitchen.com\/en\/loyality-card\/","title":{"rendered":"Loyality card"},"content":{"rendered":"<div class=\"wp-block-image\">\n<figure class=\"aligncenter size-full\"><img fetchpriority=\"high\" decoding=\"async\" width=\"960\" height=\"428\" src=\"https:\/\/joyful-kitchen.com\/wp-content\/uploads\/2021\/03\/loyalty-cover.jpg\" alt=\"\" class=\"wp-image-38110\" title=\"\" srcset=\"https:\/\/joyful-kitchen.com\/wp-content\/uploads\/2021\/03\/loyalty-cover.jpg 960w, https:\/\/joyful-kitchen.com\/wp-content\/uploads\/2021\/03\/loyalty-cover-300x134.jpg 300w, https:\/\/joyful-kitchen.com\/wp-content\/uploads\/2021\/03\/loyalty-cover-768x342.jpg 768w, https:\/\/joyful-kitchen.com\/wp-content\/uploads\/2021\/03\/loyalty-cover-16x7.jpg 16w\" sizes=\"(max-width: 960px) 100vw, 960px\" \/><\/figure><\/div>\n\n\n<h2 class=\"wp-block-heading\">Svakim obrokom ostvarite popust do 20%<\/h2>\n\n\n\n<p><strong>Dobrodo\u0161li u OAZA Joyful Kitchen Loyalty klub! U\u010dlanite se u na\u0161 program vjernosti i ostvarite posebne pogodnosti!<\/strong><\/p>\n\n\n\n<p>Zatra\u017eite svoju Joyful Kitchen&nbsp;<strong>Loyalty Card&nbsp;<\/strong>karticu&nbsp;direktno kod djelatnika u restoranu OAZA Joyful Kitchen (Radi\u0107eva ul. 9, Zagreb). Ispunit \u0107ete prijavnicu, dobiti karticu i ostvarivanje raznih pogodnosti mo\u017ee zapo\u010deti! Korisnikom OAZA Joyful Kitchen&nbsp;<strong>Loyalty Card programa<\/strong>&nbsp;mo\u017ee postati svaka punoljetna osoba koja ispuni pristupnicu.&nbsp;<\/p>\n\n\n\n<h4 class=\"wp-block-heading\">Pogodnosti OAZA Loyalty klub programa<\/h4>\n\n\n\n<p>Otvaranjem Joyful Kitchen&nbsp;<strong>Loyalty Card&nbsp;<\/strong>ostvarujete niz pogodnosti:<\/p>\n\n\n\n<ul class=\"wp-block-list\"><li><strong>15-20% popusta na na\u0161u ponudu<\/strong><\/li><li><strong>Posebne ponude<\/strong><\/li><li><strong>Doga\u0111anja i promocije<\/strong><\/li><li><strong>Atraktivne pogodnosti samo za \u010dlanove<\/strong>&nbsp;Loyalty kluba<\/li><\/ul>\n\n\n\n<h2 class=\"wp-block-heading\">Op\u0107i uvjeti \u010dlanstva<\/h2>\n\n\n\n<p><strong>UVOD<\/strong><\/p>\n\n\n\n<p>\u010clanak 1.<\/p>\n\n\n\n<ol class=\"wp-block-list\"><li>Ovim op\u0107im uvjetima \u010dlanstva (u daljnjem tekstu: Op\u0107i uvjeti) ure\u0111uju se uvjeti pod kojima tvrtka Putem OAZAe za usluge d.o.o. Vitezi\u0107eva 60, 10 000 Zagreb i njen objekt brze prehrane OAZA Joyful Kitchen (u daljnjem tekstu: Joyful Kitchen) omogu\u0107ava sudjelovanje u Loyalty Card programu.<\/li><li>Na odnos izme\u0111u Joyful Kitchena i \u010dlanova Loyalty Card programa primjenjuju se ovi Op\u0107i uvjeti, a na sve me\u0111usobne odnose Joyful Kitchena i Loyalty Card programa, koji nisu ure\u0111eni ovim Op\u0107im uvjetima, na odgovaraju\u0107i se na\u010din primjenjuju va\u017ee\u0107i propisi Republike Hrvatske.<\/li><li>Pogodnosti Loyalty Card programa mogu se koristiti isklu\u010divo osobnim dolaskom u restoran OAZA Joyful Kitchen koji se nalazi u Zagrebu u ulici Pavla Radi\u0107a 9 uz predo\u010denje vlastite Loyalty kartice prilikom kupnje.&nbsp;<\/li><li>Joyful Kitchen zadr\u017eava pravo u svakom trenutku, bez prethodne najave i obrazlo\u017eenja, ukinuti Loyalty Card program ili izmijeniti opseg, na\u010din i vrstu pogodnosti koje omogu\u0107ava Joyful Kitchen.<\/li><\/ol>\n\n\n\n<h2 class=\"wp-block-heading\"><strong>\u010cLANSTVO<\/strong><\/h2>\n\n\n\n<p>\u010clanak 2.<\/p>\n\n\n\n<ol class=\"wp-block-list\"><li>\u010clan Loyalty Card programa mo\u017ee postati svaka fizi\u010dka punoljetna osoba s boravi\u0161tem u Republici Hrvatskoj (dalje u tekstu: \u010clan) koji da svoju izri\u010ditu suglasnost i privolu za u\u010dlanjenje u Loyalty Card program. Svakoj fizi\u010dkoj osobi dozvoljena je samo jedna registracija.<\/li><li>\u010clanstvo u Loyalty Card programu je besplatno odnosno za sudjelovanje u Loyalty Card programu ne pla\u0107a se nikakva naknada.<\/li><li>Svaki podnositelj Zahtjeva za \u010dlanstvo u Loyalty Card programu du\u017ean je istinito i potpuno ispuniti sve obavezne podatke iz pristupnice. Podnositelj je odgovoran za to\u010dnost i istinitost podataka iz pristupnice Joyful Kitchen ne preuzima nikakvu odgovornost u pogledu istinitosti i to\u010dnosti tih podataka.<\/li><li>Prilikom ispunjavanja pristupnice za registraciju, podnositelj Zahtjeva koji je fizi\u010dka osoba mora upisati sljede\u0107e obvezne podatke: ime i prezime, broj loyalty kartice, podatak o spolu, godinu ro\u0111enja te kontakt adresu elektroni\u010dke po\u0161te. Adresu i grad stanovanja, kontakt broj telefona nisu obvezni te upisivanje istih u virtualnoj pristupnici ovise o volji podnositelja Zahtjeva.<\/li><li>Nakon \u0161to je podnositelj ispunio pristupnicu kako je navedeno u prethodnim stavcima ovog \u010dlanka te prihvatio ove Op\u0107e uvjete, zahtjev se \u0161alje na aktivaciju te idu\u0107eg radnog dana postaje \u010dlan&nbsp; Loyalty Card programa. Loyalty karticu \u010clan je du\u017ean \u010duvati od neovla\u0161tene uporabe od strane tre\u0107ih osoba.<\/li><li>Joyful Kitchen zadr\u017eava pravo uskratiti \u010clanu pristup Loyalty Card programu ako primijeti neovla\u0161tenu uporabu korisni\u010dkih podataka o \u010demu \u0107e obavijestiti \u010clana. Ako \u010clan primijeti neovla\u0161tenu\/nezakonitu uporabu svojih pristupnih podataka od strane tre\u0107e osobe du\u017ean je o tome odmah obavijestiti Joyful Kitchen. \u010clan je odgovoran za svu \u0161tetu proiza\u0161lu uslijed neovla\u0161tene\/nezakonite uporabe njegovih pristupnih podataka do trenutka slanja obavijesti Joyful Kitchen na adresu elektroni\u010dke po\u0161te: restoran@oazainfo.hr. \u010clan je du\u017ean odmah upozoriti Joyful Kitchen na otu\u0111enje i\/ili gubitak pristupnih podataka, u cilju spre\u010davanja nastanka eventualne \u0161tete.<\/li><\/ol>\n\n\n\n<h2 class=\"wp-block-heading\"><strong>PRAVNI ODNOSI<\/strong><\/h2>\n\n\n\n<p>\u010clanak 3.<\/p>\n\n\n\n<ol class=\"wp-block-list\"><li>Izme\u0111u Joyful Kitchena i \u010clana \u010dinom registracije se ne zasniva nikakav radni, poslovni ili poduzetni\u010dki odnos. Sudjelovanje u Loyalty Card programu obavlja se isklju\u010divo u okviru vlastite odgovornosti, samostalno i kao djelatnost pravno neovisno o Joyful Kitchenu.<\/li><li>\u010clan ima pravo samo na pogodnosti Loyalty Card programa. \u010clan izvan toga nema pravo na nikakvu drugu naknadu. \u010clan nema pravo na nikakvu naknadu tro\u0161kova. \u010clan nije ovla\u0161ten za zastupanje Joyful Kitchena, posebno ne za davanje ili preuzimanje obja\u0161njenja u okviru Loyalty Card programa i\/ili pri reklamiranju i\/ili preporu\u010divanju novom \u010clanu.<\/li><\/ol>\n\n\n\n<h2 class=\"wp-block-heading\"><strong>ZA\u0160TITA PODATAKA<\/strong><\/h2>\n\n\n\n<p>\u010clanak 4.<\/p>\n\n\n\n<ol class=\"wp-block-list\"><li>Ispunjavanjem Pristupnice i prihva\u0107anjem ovih Op\u0107ih uvjeta \u010clan daje svoju izri\u010ditu privolu Joyful Kitchenu u svrhu upisivanja, daljnje obrade i kori\u0161tenja njegovih osobnih podataka iz Pristupnice za potrebe evidencije \u010dlanova Loyalty Card programa, a u svrhu ostvarivanja \u010dlanskih pogodnosti. \u010clan izjavljuje da su njegovi podaci dostavljeni Joyful Kitchenu to\u010dni i da \u0107e u slu\u010daju davanja neto\u010dnih podataka naknaditi Joyful Kitchenu bilo kakvu time uzrokovanu \u0161tetu te Joyful Kitchen ni na koji na\u010din ne\u0107e biti odgovorno za navedeno.<\/li><li>\u010clan se obvezuje pravodobno i bez odgode informirati Joyful Kitchen o eventualnim promjenama vlastitih osobnih podataka koji su kao obvezani podataci navedeni u Pristupnici. Joyful Kitchen ne snosi nikakvu odgovornost za \u0161tetu koja podnositelju Zahtjeva odnosno \u010clanu nastane zbog neispunjenja ove obveze.<\/li><li>Joyful Kitchen \u0107e osobne podatke i identifikacijske podatke o \u010clanovima Loyalty Card programa \u010duvati u tajnosti, koriste\u0107i ih samo za vlastite potrebe, za potrebe istra\u017eivanja o zadovoljstvu \u010clanova Loyalty Card programa te u svrhu omogu\u0107avanja ostvarivanja \u010dlanskih pogodnosti.<\/li><li>Ukoliko Joyful Kitchen zaprimi opoziv suglasnosti na kori\u0161tenje osobnih podataka koji su na Pristupnici ozna\u010deni kao obvezni jer su nu\u017eni dio Loyalty Card programa za identifikaciju i komunikaciju sa \u010clanom u svrhu ostvarivanja \u010dlanskih pogodnosti, kao i za ostvarivanje svih prava i obveza koje iz proizlaze iz sudjelovanja u Loyalty Card programu, takav opoziv suglasnosti \u0107e se smatrati otkazom Loyalty Card programa i kartice izdane osobi koja je opozvala suglasnost na kori\u0161tenje osobnih podataka. Pravne posljedice otkaza nastupaju u roku od najkasnije od 48 sati od dana primitka izjave o opozivu suglasnosti za obradu osobnih podataka.<\/li><li>Ukoliko je \u010clan prilikom ispunjavanja Pristupnice ozna\u010dio polje predvi\u0111eno za obradu osobnih podataka u svrhu dostave informacija maksimalno jednom mjese\u010dno o pogodnostima i novostima Joyful Kitchena te njegovih poslovnih partnera, dao je privolu Joyful Kitchenu da mo\u017ee njegove osobne podatke obra\u0111ivati i u marketin\u0161ke svrhe odnosno u svrhe dostave obavijesti informativnog i promotivnog karaktera na upisanu adresu odnosno adresu elektroni\u010dke po\u0161te te je ujedno dao privolu Joyful Kitchenu da ga kontaktira na upisani broj telefona ili mobitela odnosno da ga obavje\u0161tava putem ostalih komunikacijskih sredstava o novim ponudama i pogodnostima Joyful Kitchena i\/ili partnera Joyful Kitchena te izravno promovira i nudi individualno oblikovane promid\u017ebene obavijesti, kao i savjetuje \u010clana o vrstama \u010dlanskih pogodnosti i mogu\u0107nostima realizacije istih. Ovu privolu \u010clan mo\u017ee povu\u0107i u bilo kojem trenutku, slanjem izjave opozivu suglasnosti, na adresu elektroni\u010dke po\u0161te: restoran@oazainf.hr. Povla\u010denje privole bit \u0107e evidentirano najkasnije u roku od 48 sati.<\/li><\/ol>\n\n\n\n<h2 class=\"wp-block-heading\"><strong>OSTVARIVANJE POGODNOSTI<\/strong><\/h2>\n\n\n\n<p>\u010clanak 5.<\/p>\n\n\n\n<ol class=\"wp-block-list\"><li>U skladu s odredbama ovih Op\u0107ih Uvjeta, \u010clan Loyalty Card programa ostvaruje odre\u0111ene pogodnosti. Pregled svih aktualnih pogodnosti Loyalty Card programa nalaze se na web stranici www.joful-kitchen\/loyalty-card<\/li><li>\u010clanu Loyalty Card programa su na raspolaganju mogu\u0107nosti ostvarivanja pogodnosti putem bar koda na vlastitoj Loyalty kartici.&nbsp;<\/li><li>Kori\u0161tenje pogodnosti u Loyalty Card programu je besplatno odnosno \u010clan ne pla\u0107a nikakvu naknadu.<\/li><li>\u010clanovima se preporu\u010duje redovito se informirati o pogodnostima Loyalty Card programa.<\/li><\/ol>\n\n\n\n<h2 class=\"wp-block-heading\"><strong>OGRANI\u010cENJE OD ODGOVORNOSTI<\/strong><\/h2>\n\n\n\n<p>\u010clanak 6.<\/p>\n\n\n\n<ol class=\"wp-block-list\"><li>Opseg Joyful Kitchen je ograni\u010den na provedbu Loyalty Card programa kako je to opisano u ovim Op\u0107im uvjetima.<\/li><li>Joyful Kitchen odgovara za \u0161tete samo u slu\u010daju namjere ili krajnje nepa\u017enje. U svakom slu\u010daju, Joyful Kitchen odgovara isklju\u010divo za obi\u010dnu \u0161tetu, a nikako za izgubljenu korist, izgubljenu dobit ili nematerijalnu \u0161tetu bilo koje vrste.<\/li><\/ol>\n\n\n\n<h2 class=\"wp-block-heading\"><strong>PRESTANAK \u010cLANSTVA OD STRANE \u010cLANA<\/strong><\/h2>\n\n\n\n<p>\u010clanak 7.<\/p>\n\n\n\n<ol class=\"wp-block-list\"><li>\u010clan ima pravo u prestati biti \u010dlanom Loyalty Card programa te mo\u017ee za vrijeme radnog vremena i osobnim dolaskom u restoran OAZA Joyful Kitchen prekinuti svoje \u010dlanstvo Loyalty Card programu. Ako \u010clan nije u mogu\u0107nosti do\u0107i osobno tada mo\u017ee poslati zahtjev za prekid \u010dlanstva putem elektroni\u010dke po\u0161te: restoran@oazainfo.hr<\/li><li>Prestankom \u010dlanstva u Loyalty Card programu prestaju sva prava \u010clana odre\u0111ena ovim Op\u0107im uvjetima.<\/li><\/ol>\n\n\n\n<h2 class=\"wp-block-heading\"><strong>PRESTANAK \u010cLANSTVA OD STRANE JOYFUL KITCHENA<\/strong><\/h2>\n\n\n\n<p>\u010clanak 8.<\/p>\n\n\n\n<ol class=\"wp-block-list\"><li>Joyful Kitchen mo\u017ee raskinuti \u010dlanstvo odre\u0111enom \u010clanu bez navo\u0111enja razloga, sa otkaznim rokom od 3 dana ili zbog va\u017enog razloga sa trenutnim u\u010dinkom (bez otkaznog roka). Va\u017enim razlozima se smatraju, naru\u0161avanje \u010dasti i ugleda Joyful Kitchenu ili nano\u0161enje zna\u010dajne \u0161tete gospodarskom interesu Joyful Kitchena. Joyful Kitchen \u0107e o prestanku \u010dlanstva obavijestiti \u010clana slanjem izjave o raskidu na adresu elektroni\u010dke po\u0161te \u010clana.<\/li><li>\u010clanstvo u Loyalty Card programu prestaje i u slu\u010daju da Joyful Kitchen uskrati \u010clanu pristup Loyalty Card programu uslijed primije\u0107ene neovla\u0161tene uporabe korisni\u010dkih podataka.<\/li><li>\u010clan se obvezuje naknaditi Joyful Kitchenu svu \u0161tetu.<\/li><\/ol>\n\n\n\n<h2 class=\"wp-block-heading\"><strong>PRIGOVORI<\/strong><\/h2>\n\n\n\n<p>\u010clanak 9.<\/p>\n\n\n\n<ol class=\"wp-block-list\"><li>Svi prigovori, upiti i prijedlozi koji se odnose na sudjelovanje u Loyalty Card programu dostavljaju se Joyful Kitchenu na adresu elektroni\u010dke po\u0161te: restoran@oazainfo.hr<\/li><li>Joyful Kitchen \u0107e na prigovore koji su vezani uz sudjelovanje u Loyalty Card programu odgovoriti u zakonom predvi\u0111enom roku, dok se na upite i prijedloge obvezuje odgovoriti u roku od najkasnije 30 dana od dana zaprimanja istih.<\/li><li>Sva komunikacija prema i od strane Joyful Kitchena odvija se na hrvatskom jeziku i latini\u010dnom pismu.<\/li><\/ol>\n\n\n\n<h2 class=\"wp-block-heading\"><strong>IZMJENE OP\u0106IH UVJETA<\/strong><\/h2>\n\n\n\n<p>\u010clanak 10.<\/p>\n\n\n\n<ol class=\"wp-block-list\"><li>Joyful Kitchen zadr\u017eava pravo u svakom trenutku izmijeniti ili ukinuti ove Op\u0107e uvjete s ili bez zamjene novim op\u0107im uvjetima, o \u010demu \u0107e obavijest objaviti na svojim internetskim stranicama.<\/li><li>Izmjene i dopune ovih Op\u0107ih uvjeta smatrati \u0107e se prihva\u0107enim od strane \u010clana prvim kori\u0161tenjem Loyalty Card programske kartice nakon izmjene ovih Op\u0107ih uvjeta ili ukoliko \u010clan ne prigovori istima u roku od 14 dana nakon njihove objave na Internet stranicama Joyful Kitchena.<\/li><li>Ako se u Op\u0107im uvjetima koriste oznake vezane na spol, onda se time misli na \u017eenske i mu\u0161ke osobe, kao i na pravne osobe.<\/li><\/ol>\n\n\n\n<h2 class=\"wp-block-heading\"><strong>RJE\u0160AVANJE SPOROVA I MJERODAVNO PRAVO<\/strong><\/h2>\n\n\n\n<p>\u010clanak 11.<\/p>\n\n\n\n<ol class=\"wp-block-list\"><li>Spor koji bi proiza\u0161ao iz tuma\u010denja, primjene ili izvr\u0161enja ovih Op\u0107ih uvjeta, Joyful Kitchena i \u010clan Loyalty Card programa nastojat \u0107e rije\u0161iti mirnim putem.<\/li><li>Za rje\u0161avanje sporova koje nije mogu\u0107e rije\u0161iti mirnim putem odre\u0111uje se stvarno nadle\u017ean sud u Zagrebu.<\/li><li>Ovi Op\u0107i uvjeti tuma\u010dit \u0107e se u skladu s va\u017ee\u0107im propisima Republike Hrvatske.<\/li><\/ol>\n\n\n\n<h2 class=\"wp-block-heading\"><strong>ZAVR\u0160NE ODREDBE<\/strong><\/h2>\n\n\n\n<p>\u010clanak 13.<\/p>\n\n\n\n<ol class=\"wp-block-list\"><li>Ovi Op\u0107i uvjeti primjenjuju se na sve \u010clanove Loyalty Card programa.<\/li><li>Ovi Op\u0107i uvjeti stupaju na snagu 25.3.2021.<\/li><\/ol>\n\n\n<div class=\"wp-block-image\">\n<figure class=\"aligncenter size-large\"><img decoding=\"async\" width=\"512\" height=\"1024\" src=\"https:\/\/joyful-kitchen.com\/wp-content\/uploads\/2022\/02\/Jelovnik-kompletan-mini-512x1024.jpg\" alt=\"\" class=\"wp-image-38764\" title=\"\" srcset=\"https:\/\/joyful-kitchen.com\/wp-content\/uploads\/2022\/02\/Jelovnik-kompletan-mini-512x1024.jpg 512w, https:\/\/joyful-kitchen.com\/wp-content\/uploads\/2022\/02\/Jelovnik-kompletan-mini-150x300.jpg 150w, https:\/\/joyful-kitchen.com\/wp-content\/uploads\/2022\/02\/Jelovnik-kompletan-mini-768x1536.jpg 768w, https:\/\/joyful-kitchen.com\/wp-content\/uploads\/2022\/02\/Jelovnik-kompletan-mini-scaled.jpg 1024w, https:\/\/joyful-kitchen.com\/wp-content\/uploads\/2022\/02\/Jelovnik-kompletan-mini-6x12.jpg 6w\" sizes=\"(max-width: 512px) 100vw, 512px\" \/><\/figure><\/div>","protected":false},"excerpt":{"rendered":"<p>Svakim obrokom ostvarite popust do 20% Dobrodo\u0161li u OAZA Joyful Kitchen Loyalty klub! U\u010dlanite se u na\u0161 program vjernosti i ostvarite posebne pogodnosti! Zatra\u017eite svoju Joyful Kitchen&nbsp;Loyalty Card&nbsp;karticu&nbsp;direktno kod djelatnika&#8230;<\/p>","protected":false},"author":2,"featured_media":0,"parent":0,"menu_order":0,"comment_status":"closed","ping_status":"closed","template":"","meta":{"footnotes":""},"class_list":["post-41041","page","type-page","status-publish","hentry"],"_links":{"self":[{"href":"https:\/\/joyful-kitchen.com\/en\/wp-json\/wp\/v2\/pages\/41041","targetHints":{"allow":["GET"]}}],"collection":[{"href":"https:\/\/joyful-kitchen.com\/en\/wp-json\/wp\/v2\/pages"}],"about":[{"href":"https:\/\/joyful-kitchen.com\/en\/wp-json\/wp\/v2\/types\/page"}],"author":[{"embeddable":true,"href":"https:\/\/joyful-kitchen.com\/en\/wp-json\/wp\/v2\/users\/2"}],"replies":[{"embeddable":true,"href":"https:\/\/joyful-kitchen.com\/en\/wp-json\/wp\/v2\/comments?post=41041"}],"version-history":[{"count":0,"href":"https:\/\/joyful-kitchen.com\/en\/wp-json\/wp\/v2\/pages\/41041\/revisions"}],"wp:attachment":[{"href":"https:\/\/joyful-kitchen.com\/en\/wp-json\/wp\/v2\/media?parent=41041"}],"curies":[{"name":"wp","href":"https:\/\/api.w.org\/{rel}","templated":true}]}}